{"id":85,"date":"2020-05-11T08:14:17","date_gmt":"2020-05-11T08:14:17","guid":{"rendered":"https:\/\/cwpengedi.wpengine.com\/?page_id=85"},"modified":"2024-12-04T00:39:43","modified_gmt":"2024-12-04T00:39:43","slug":"announcements","status":"publish","type":"page","link":"https:\/\/www.churchinorange.org\/espanol\/announcements\/","title":{"rendered":"Anuncios"},"content":{"rendered":"<h1>\n\t\tAnuncios\n\t<\/h1>\n<h2>\n\t\tAnuncios\n\t<\/h2>\n\t\n<p>&nbsp;<\/p>\n<h2>2024<\/h2>\n<h2>ENTRENAMIENTO SEMIANUAL EN DICIEMBRE<\/h2>\n<p><strong>Tema: Experimentar, disfrutar y expresar a Cristo (2)<\/strong><\/p>\n<p><strong>Lugar:<\/strong>\u00a0Anaheim, CA<\/p>\n<p><strong>Fechas:<\/strong> December 23-28, 2024<\/p>\n<p><strong>Notas:<\/strong>\u00a0Es necesario registrarse. M\u00e1s informaci\u00f3n est\u00e1 disponible a trav\u00e9s de Living Stream Ministry. Por favor cont\u00e1cte\u00a0<a href=\"mailto:register@lsm.org\">register@lsm.org<\/a>.<\/p>\n<hr \/>\n\n<h2>2025<\/h2>\n<h2>CONFERENCIA INTERNACIONAL DE COMPENETRACI\u00d3N DE HABLA CHINA<\/h2>\n<p><strong>Lugar:<\/strong> Anaheim, CA<\/p>\n<p><strong>Fechas:<\/strong> February 14-16, 2025<\/p>\n<hr \/>\n<h2>ENTRENAMIENTO INTERNACIONAL PARA ANCIANOS Y HERMANOS RESPONSABLES EN ABRIL<\/h2>\n<p><strong>Lugar:<\/strong> Anaheim, CA<\/p>\n<p><strong>Fechas:<\/strong> April 4-6, 2025<\/p>\n<p><strong>Notas:<\/strong>\u00a0Es necesario registrarse. M\u00e1s informaci\u00f3n est\u00e1 disponible a trav\u00e9s de Living Stream Ministry. Por favor cont\u00e1cte\u00a0<a href=\"mailto:register@lsm.org\">register@lsm.org<\/a>.<\/p>\n<hr \/>\n<h2>CONFERENCIA INTERNACIONAL DE COMPENETRACI\u00d3N DEL D\u00cdA DE CONMEMORACI\u00d3N<\/h2>\n<p><strong>Lugar:<\/strong> Phoenix, Arizona<\/p>\n<p><strong>Fechas:<\/strong> May 23-26, 2025<\/p>\n<hr \/>\n<h2>ENTRENAMIENTO SEMIANUAL EN JULIO<\/h2>\n<strong>Tema: <\/strong>Experimentar, disfrutar y expresar a Cristo (3)<strong><br \/>\n<\/strong>\n<p><strong>Lugar:<\/strong> Anaheim, CA<\/p>\n<p><strong>Fechas:<\/strong> June 30-July 5, 2025<\/p>\n<p><strong>Notas:<\/strong>\u00a0Es necesario registrarse. M\u00e1s informaci\u00f3n est\u00e1 disponible a trav\u00e9s de Living Stream Ministry. Por favor cont\u00e1cte\u00a0<a href=\"mailto:register@lsm.org\">register@lsm.org<\/a>.<\/p>\n<hr \/>\n<h2>ENTRENAMIENTO INTERNACIONAL PARA ANCIANOS Y HERMANOS RESPONSABLES EN SEPTIEMBRE<\/h2>\n<p><strong>Lugar:<\/strong> Kuala Lumpur, Malaysia<\/p>\n<p><strong>Fechas:<\/strong> September 25-27, 2025<\/p>\n<p><strong>Notas:<\/strong>\u00a0Es necesario registrarse. M\u00e1s informaci\u00f3n est\u00e1 disponible a trav\u00e9s de Living Stream Ministry. Por favor cont\u00e1cte\u00a0<a href=\"mailto:register@lsm.org\">register@lsm.org<\/a>.<\/p>\n<hr \/>\n<h2>CONFERENCIA INTERNACIONAL DE COMPENETRACI\u00d3N DEL D\u00cdA DE ACCI\u00d3N DE GRACIAS<\/h2>\n<p><strong>Lugar:<\/strong> Indianapolis, Indiana<\/p>\n<p><strong>Fechas:<\/strong> November 27-30, 2025<\/p>\n<hr \/>\n\n\t<p>&nbsp;<\/p>\n<p>&nbsp;<\/p>\n<p><a href=\"https:\/\/docs.google.com\/document\/d\/10igX4EsdgxzHghDotMEmg4VG1Znjk-Lo\/edit\"><strong>Anuncios semanales<\/strong><\/a><\/p>\n<p>&nbsp;<\/p>\n<p><a href=\"https:\/\/docs.google.com\/document\/d\/1qGOLWjTaybxKKdE_xD0xQR9DzgvA9EMJ\/edit\"><b>Cargas de Oraci\u00f3n<\/b><\/a><\/p>\n\t<p><strong>Eventos Pr\u00f3ximos<\/strong><\/p>\n<p><a href=\"https:\/\/scyp.com\/\" target=\"_blank\" rel=\"noopener\">Southern California Young People<\/a><\/p>\n<p><a href=\"https:\/\/churchinanaheim.org\/wp-content\/uploads\/2024\/01\/2024-Church-in-Anaheim-Event-Calendar.pdf\" target=\"_blank\" rel=\"noopener\">Church in Anaheim Event Calendar<\/a><\/p>","protected":false},"excerpt":{"rendered":"<p>Announcements Announcements &nbsp; 2024 DECEMBER SEMIANNUAL TRAINING Subject: Experiencing, Enjoying, and Expressing Christ (2) Location:\u00a0Anaheim, CA Dates: December 23-28, 2024 Notes:\u00a0Registration is required. Further information is available through Living Stream Ministry. Please contact\u00a0register@lsm.org. 2025 INTERNATIONAL CHINESE-SPEAKING BLENDING CONFERENCE Location: Anaheim, CA Dates: February 14-16, 2025 APRIL INTERNATIONAL TRAINING FOR ELDERS AND RESPONSIBLE ONES Location: Anaheim,&hellip;<\/p>","protected":false},"author":1,"featured_media":0,"parent":0,"menu_order":0,"comment_status":"closed","ping_status":"closed","template":"","meta":{"inline_featured_image":false,"footnotes":""},"class_list":["post-85","page","type-page","status-publish","hentry"],"_links":{"self":[{"href":"https:\/\/www.churchinorange.org\/espanol\/wp-json\/wp\/v2\/pages\/85","targetHints":{"allow":["GET"]}}],"collection":[{"href":"https:\/\/www.churchinorange.org\/espanol\/wp-json\/wp\/v2\/pages"}],"about":[{"href":"https:\/\/www.churchinorange.org\/espanol\/wp-json\/wp\/v2\/types\/page"}],"author":[{"embeddable":true,"href":"https:\/\/www.churchinorange.org\/espanol\/wp-json\/wp\/v2\/users\/1"}],"replies":[{"embeddable":true,"href":"https:\/\/www.churchinorange.org\/espanol\/wp-json\/wp\/v2\/comments?post=85"}],"version-history":[{"count":5,"href":"https:\/\/www.churchinorange.org\/espanol\/wp-json\/wp\/v2\/pages\/85\/revisions"}],"predecessor-version":[{"id":1300,"href":"https:\/\/www.churchinorange.org\/espanol\/wp-json\/wp\/v2\/pages\/85\/revisions\/1300"}],"wp:attachment":[{"href":"https:\/\/www.churchinorange.org\/espanol\/wp-json\/wp\/v2\/media?parent=85"}],"curies":[{"name":"wp","href":"https:\/\/api.w.org\/{rel}","templated":true}]}}