{"id":739,"date":"2022-02-19T08:04:38","date_gmt":"2022-02-19T08:04:38","guid":{"rendered":"https:\/\/www.www.churchinorange.org\/?page_id=739"},"modified":"2026-04-23T19:25:32","modified_gmt":"2026-04-23T19:25:32","slug":"donations","status":"publish","type":"page","link":"https:\/\/www.churchinorange.org\/espanol\/donations\/","title":{"rendered":"Donaciones"},"content":{"rendered":"<h1>\n\t\t\tDonaciones\t<\/h1>\n\tLas donaciones pueden hacerse por correo de los EE. UU. o electr\u00f3nicamente.<br \/>\nChecks sent by U.S. mail should be addressed to:\nThe Church in Orange<br \/>\nP. O. Box 5985<br \/>\nOrange, CA\u00a092863\n<p>Porfavor\u00a0<strong>no env\u00ede dinero en efectivo por correo<\/strong>.<\/p>\n<p>Si solo puede donar en efectivo, entregue su ofrenda a un hermano responsable, quien luego se la pasar\u00e1 a los hermanos designados en las ofrendas.<\/p>\n<p>&nbsp;<\/p>\n<p><strong>Ofrendar en l\u00ednea<\/strong><\/p>\n<p><strong>Opci\u00f3n 1<\/strong> : a trav\u00e9s de Zelle<\/p>\n<p>Puede enviar su oferta electr\u00f3nicamente utilizando\u00a0<a href=\"https:\/\/www.zellepay.com\/how-it-works\" target=\"_blank\" rel=\"noopener\">ZellePay\u00ae<\/a>. La mayor\u00eda de los bancos admiten ZellePay\u00ae para realizar pagos electr\u00f3nicos. Debe usar su cuenta en l\u00ednea o\u00a0<a href=\"https:\/\/www.zellepay.com\/get-started\">bank&#8217;s mobile app<\/a>\u00a0\u00a0to use this feature. <u>Zelle does not charge a fee for their service.<\/u> The church in Orange is registered in Zelle under the following tag:<\/p>\n<p><strong>churchinOrange<\/strong><\/p>\n<p>Use this tag to identify &#8220;The Church in Orange Corporation&#8221; as the recipient.<\/p>\n<hr \/>\n<p><strong>Opci\u00f3n 2<\/strong>: via your Financial Institution&#8217;s Bill Pay service, you can send checks to:<\/p>\nLa Iglesia en Orange<br \/>\nP. O. Box 5985<br \/>\nOrange, CA\u00a092863\n<hr \/>\n<p><strong>Opci\u00f3n 3<\/strong>: a trav\u00e9s de PayPal<\/p>\n<p>Las donaciones \u00fanicas y recurrentes se pueden realizar a trav\u00e9s de PayPal a trav\u00e9s de una cuenta de PayPal o una tarjeta de cr\u00e9dito o d\u00e9bito como se describe a continuaci\u00f3n.<\/p>\n<p>&nbsp;<\/p>\n<p>&nbsp;<\/p>\n\t\t\t<a href=\"https:\/\/www.paypal.com\/donate\/?hosted_button_id=M7RWRZR54YXHQ\"  target=\"_blank\" rel=\"noopener\">\n\t\t\t\t\t\tDonate\n\t\t\t\t\t<\/a>\n\t<p>Using this &#8220;Donate&#8221; button, you can:<\/p>\n<ul> \t\n<li>Haz una donaci\u00f3n \u00fanica. Su donaci\u00f3n \u00fanica puede ser designada o no designada.<\/li>\n\n<li>Give an unending recurring monthly donation. However, you will NOT be able to designate the purpose of your recurring donation if you use the &#8220;Donate&#8221; button.<\/li>\n<\/ul>\n<p><strong>Instrucciones detalladas<\/strong><\/p>\n<p>To submit a secure designated or undesignated ONE TIME donation or an undesignated MONTHLY UNENDING RECURRING donation through PayPal via the &#8220;Donate&#8221; button above, please:<\/p>\n<ul> \t\n<li>Especifique la cantidad de su donaci\u00f3n.<\/li>\n\n<li>Check the box &#8220;Make this a monthly donation&#8221; ONLY if you want your donation to be monthly and unending AND if you do NOT want to specify a purpose for (designate) your donation (that is, you are giving to the church in Orange&#8217;s general fund). (NOTE: At present it is not possible to designate a monthly recurring donation using the &#8220;Donate&#8221; button.)<\/li>\n\n<li>To designate your one-time donation for a specific purpose, click on the text &#8220;General or designated offering?&#8221; and type a clear, brief description. Undesignated offerings will be used to meet the general needs of the church.<\/li>\n\n<li>Para completar su donaci\u00f3n puede:<\/li>\n<\/ul>\n\n<ol> \t\n<li>\n<ol> \t\n<li>Inicie sesi\u00f3n en PayPal (si no tiene una cuenta de PayPal, puede registrarse para obtener una); o<\/li>\n\n<li>Dona con tarjeta de cr\u00e9dito o d\u00e9bito.<\/li>\n<\/ol>\n<\/li>\n<\/ol>\n<p>Se le enviar\u00e1 un recibo por su donaci\u00f3n por correo electr\u00f3nico. Por favor, guarde cualquier recibo que reciba a efectos fiscales. Para obtener instrucciones sobre c\u00f3mo cancelar o modificar su donaci\u00f3n recurrente, consulte a continuaci\u00f3n.<\/p>\n<p><em><strong>Nota:<\/strong> Paypal cobra 30 centavos por transacci\u00f3n y el 2.2% del importe de la transacci\u00f3n. Entonces, si se hace una ofrenda de $100, a la iglesia se le acreditar\u00e1n $97.50.<\/em><\/p>\n<p><strong>Cancelar o modificar su donaci\u00f3n recurrente con Paypal<\/strong><\/p>\n<p>Specifying a recurring donation will set up a pre-approved recurring payment in your PayPal account. To cancel or modify this recurring payment, log in to your PayPal account, click on the &#8220;Settings&#8221; button (wheel) and then on &#8220;Payments&#8221; and &#8220;Manage pre-approved payments.&#8221; To cancel your recurring donation, click on the payment to the church in Orange and cancel it. In order to change the amount and other details of your recurring donation, you must manually cancel your old donation and set up a new one on this page.<\/p>","protected":false},"excerpt":{"rendered":"<p>Donations Donations may be made either by U.S. mail or electronically. Checks sent by U.S. mail should be addressed to: The Church in Orange P. O. Box 5985 Orange, CA\u00a092863 Please\u00a0do not send cash by mail. If you can only donate cash, please give your offering to a responsible brother, who will then pass it&hellip;<\/p>","protected":false},"author":4,"featured_media":0,"parent":0,"menu_order":0,"comment_status":"closed","ping_status":"closed","template":"","meta":{"inline_featured_image":false,"footnotes":""},"class_list":["post-739","page","type-page","status-publish","hentry"],"_links":{"self":[{"href":"https:\/\/www.churchinorange.org\/espanol\/wp-json\/wp\/v2\/pages\/739","targetHints":{"allow":["GET"]}}],"collection":[{"href":"https:\/\/www.churchinorange.org\/espanol\/wp-json\/wp\/v2\/pages"}],"about":[{"href":"https:\/\/www.churchinorange.org\/espanol\/wp-json\/wp\/v2\/types\/page"}],"author":[{"embeddable":true,"href":"https:\/\/www.churchinorange.org\/espanol\/wp-json\/wp\/v2\/users\/4"}],"replies":[{"embeddable":true,"href":"https:\/\/www.churchinorange.org\/espanol\/wp-json\/wp\/v2\/comments?post=739"}],"version-history":[{"count":2,"href":"https:\/\/www.churchinorange.org\/espanol\/wp-json\/wp\/v2\/pages\/739\/revisions"}],"predecessor-version":[{"id":1335,"href":"https:\/\/www.churchinorange.org\/espanol\/wp-json\/wp\/v2\/pages\/739\/revisions\/1335"}],"wp:attachment":[{"href":"https:\/\/www.churchinorange.org\/espanol\/wp-json\/wp\/v2\/media?parent=739"}],"curies":[{"name":"wp","href":"https:\/\/api.w.org\/{rel}","templated":true}]}}