{"id":657,"date":"2020-05-11T07:33:31","date_gmt":"2020-05-11T07:33:31","guid":{"rendered":"https:\/\/cwpengedi.wpengine.com\/?page_id=79"},"modified":"2026-04-04T18:46:38","modified_gmt":"2026-04-04T18:46:38","slug":"our-gatherings","status":"publish","type":"page","link":"https:\/\/www.churchinorange.org\/espanol\/our-gatherings\/","title":{"rendered":"Reuniones"},"content":{"rendered":"<h1  id=\"about\">\n\t\t\tReuniones\t<\/h1>\n<h3>\n\t\t<a href=\"#Lord&#039;s%20table%20meeting\" title=\"REUNI\u00d3N DEL D\u00cdA DEL SE\u00d1OR POR LA MA\u00d1ANA\"  target=\"_self\">\n\t\t\tLord&#8217;s Day Morning Meeting\t\t<\/a>\n\t<\/h3>\n\t<p>We gather together for the Lord&#8217;s Table in Santiago Charter Middle School at\u00a0515 N Rancho Santiago Blvd,\u00a0Orange, CA 92869<\/p>\n<p><strong>10:00 am<\/strong><\/p>\n<h3>\n\t\t<a href=\"#Tuesday%20Prayer%20Meeting\" title=\"Martes reuni\u00f3n de oraci\u00f3n en un hogar\"  target=\"_self\">\n\t\t\tMartes reuni\u00f3n de oraci\u00f3n en un hogar\t\t<\/a>\n\t<\/h3>\n\t<p>Pray for the Lord&#8217;s interest on the earth. Gather with others to petition and pray. We meet at 1082 N Cambridge St, Orange, CA 92867<\/p>\n<p><strong>7:30 pm<\/strong><\/p>\n<h3>\n\t\t<a href=\"#Small%20Group%20Meeting\" title=\"REUNIONES SEMANALES EN GRUPOS PEQUE\u00d1OS\"  target=\"_self\">\n\t\t\tREUNIONES SEMANALES EN GRUPOS PEQUE\u00d1OS\t\t<\/a>\n\t<\/h3>\n\t<p>Con\u00e9ctese con un hogar en su \u00e1rea y disfrute del compa\u00f1erismo con otros durante la cena en varios hogares y varios d\u00edas. <a href=\"https:\/\/cwprojectdev.wpengine.com\/orange\/contact\/\">Cont\u00e1ctenos<\/a> for more information.<\/p>\n<p><strong>6:30 pm<\/strong><\/p>\n<h2  id=\"about\">\n\t\t\tLORD&#8217;S DAY MORNING MEETING\t<\/h2>\n\t<p>We gather together for the Lord&#8217;s table (<a href=\"https:\/\/online.recoveryversion.bible\/BibleChapters.cfm?cid=143\" target=\"_blank\" rel=\"noopener\">1 Co. 10:21<\/a>) to remember all that the Lord Jesus Christ has done for us and to worship Him for who He is. This time is a feast not only for our enjoyment but also for God&#8217;s enjoyment. We meet at\u00a0Santiago Charter Middle School at\u00a0515 N Rancho Santiago Blvd,\u00a0Orange, CA 92869<\/p>\n<p><strong>10:00 am<\/strong><\/p>\n<figure itemscope itemtype=\"https:\/\/schema.org\/ImageObject\">\n\t\t\t\t<img decoding=\"async\" src=\"https:\/\/www.churchinorange.org\/wp-content\/uploads\/2023\/07\/sincerely-media-dGxOgeXAXm8-unsplash_Light-scaled-1.jpg\" alt=\"sincerely-media-dGxOgeXAXm8-unsplash_Light-scaled\" height=\"1707\" width=\"2560\" title=\"sincerely-media-dGxOgeXAXm8-unsplash_Light-scaled\" onerror=\"this.style.display='none'\" loading=\"lazy\" \/>\n\t<\/figure>\n<figure itemscope itemtype=\"https:\/\/schema.org\/ImageObject\">\n\t\t\t\t<img decoding=\"async\" src=\"https:\/\/www.churchinorange.org\/wp-content\/uploads\/2023\/07\/2-scaled-1.jpg\" alt=\"2-scaled-1\" height=\"1707\" width=\"2560\" title=\"2-scaled-1\" onerror=\"this.style.display='none'\" loading=\"lazy\" \/>\n\t<\/figure>\n<h2  id=\"about\">\n\t\t\tREUNI\u00d3N DE ORACI\u00d3N DE LOS MARTES EN UN HOGAR\t<\/h2>\n\t<p>We gather in a local home in Orange to pray for the Lord&#8217;s interest on the earth. (<a href=\"https:\/\/online.recoveryversion.bible\/BibleChapters.cfm?cid=192\" target=\"_blank\" rel=\"noopener\">1 Ti. 2:1<\/a>). Nos reunimos con otros para petici\u00f3n y orar en 1082 N Cambridge St, Orange, CA 92867<\/p>\n<p><strong>7:30 pm<\/strong><\/p>\n<h2  id=\"about\">\n\t\t\tREUNIONES SEMANALES EN GRUPOS PEQUE\u00d1OS\t<\/h2>\n\t<p>En varias noches de la semana, nos reunimos en nuestros hogares (<a href=\"https:\/\/online.recoveryversion.bible\/BibleChapters.cfm?cid=91\" target=\"_blank\" rel=\"noopener\">Hechos 2:46<\/a>) para leer la Biblia y tener compa\u00f1erismo. Nuestras reuniones de grupos peque\u00f1os est\u00e1n en el coraz\u00f3n de nuestra vida de iglesia y comunidad, caracterizadas por una b\u00fasqueda espiritual vital, una atm\u00f3sfera amorosa \u00edntima y una meta comprometida de dar fruto espiritual (<a href=\"https:\/\/online.recoveryversion.bible\/BibleChapters.cfm?cid=83\" target=\"_blank\" rel=\"noopener\">Juan 15:12-17<\/a>).<\/p>\n<p><strong>6:30 pm<\/strong><\/p>\n<figure itemscope itemtype=\"https:\/\/schema.org\/ImageObject\">\n\t\t\t\t<img decoding=\"async\" src=\"https:\/\/www.churchinorange.org\/wp-content\/uploads\/2023\/07\/kelly-sikkema-jrFNMM6K0VI-unsplash-scaled-1.jpg\" alt=\"kelly-sikkema-jrFNMM6K0VI-unsplash-scaled\" height=\"1696\" width=\"2560\" title=\"kelly-sikkema-jrFNMM6K0VI-unsplash-scaled\" onerror=\"this.style.display='none'\" loading=\"lazy\" \/>\n\t<\/figure>","protected":false},"excerpt":{"rendered":"<p>Our Gatherings Lord&#8217;s Day Morning Meeting We gather together for the Lord&#8217;s Table in Santiago Charter Middle School at\u00a0515 N Rancho Santiago Blvd,\u00a0Orange, CA 92869 10:00 am Tuesday prayer meeting in a home Pray for the Lord&#8217;s interest on the earth. Gather with others to petition and pray. We meet at 1082 N Cambridge St,&hellip;<\/p>","protected":false},"author":1,"featured_media":0,"parent":0,"menu_order":0,"comment_status":"closed","ping_status":"closed","template":"","meta":{"inline_featured_image":false,"footnotes":""},"class_list":["post-657","page","type-page","status-publish","hentry"],"_links":{"self":[{"href":"https:\/\/www.churchinorange.org\/espanol\/wp-json\/wp\/v2\/pages\/657","targetHints":{"allow":["GET"]}}],"collection":[{"href":"https:\/\/www.churchinorange.org\/espanol\/wp-json\/wp\/v2\/pages"}],"about":[{"href":"https:\/\/www.churchinorange.org\/espanol\/wp-json\/wp\/v2\/types\/page"}],"author":[{"embeddable":true,"href":"https:\/\/www.churchinorange.org\/espanol\/wp-json\/wp\/v2\/users\/1"}],"replies":[{"embeddable":true,"href":"https:\/\/www.churchinorange.org\/espanol\/wp-json\/wp\/v2\/comments?post=657"}],"version-history":[{"count":2,"href":"https:\/\/www.churchinorange.org\/espanol\/wp-json\/wp\/v2\/pages\/657\/revisions"}],"predecessor-version":[{"id":1321,"href":"https:\/\/www.churchinorange.org\/espanol\/wp-json\/wp\/v2\/pages\/657\/revisions\/1321"}],"wp:attachment":[{"href":"https:\/\/www.churchinorange.org\/espanol\/wp-json\/wp\/v2\/media?parent=657"}],"curies":[{"name":"wp","href":"https:\/\/api.w.org\/{rel}","templated":true}]}}