{"id":57,"date":"2020-05-11T07:27:34","date_gmt":"2020-05-11T07:27:34","guid":{"rendered":"https:\/\/cwpengedi.wpengine.com\/?page_id=57"},"modified":"2023-11-09T12:49:29","modified_gmt":"2023-11-09T12:49:29","slug":"about","status":"publish","type":"page","link":"https:\/\/www.churchinorange.org\/espanol\/about\/","title":{"rendered":"About"},"content":{"rendered":"<h1>\n\t\tQuienes Somos\n\t<\/h1>\n<h2>\n\t\tQuienes Somos\n\t<\/h2>\n\t<p>The church in Orange, California warmly welcomes you. We are believers in the Lord Jesus Christ who have personally received Him as our Savior. He is the most excellent and enjoyable Person. We love Him and endeavor to give Him the first place in all things. We rejoice to be cleansed by the blood of Jesus, God&#8217;s Son, born again of the Father&#8217;s divine life, and filled with the Holy Spirit.<\/p>\n<p>We highly treasure the Holy Bible as God&#8217;s revelation of Himself and of His eternal purpose. We hold the common faith which is revealed in the Bible and is common to all genuine believers.<\/p>\n\t<p>Como es verdad todos los creyentes en Cristo, somos miembros de Su \u00fanico Cuerpo, la iglesia. Para practicar la unidad del Cuerpo con todos los cristianos en Orange, nos reunimos como la iglesia en Orange. Estamos en comuni\u00f3n con m\u00e1s de 3,000 iglesias locales en todo el mundo para expresar el \u00fanico Cuerpo de Cristo.<\/p>\n\t\t\t\t<img loading=\"lazy\" decoding=\"async\" src=\"https:\/\/www.churchinorange.org\/wp-content\/uploads\/2023\/07\/11_3-scaled-1.jpg\" alt=\"11_3-scaled-1\" itemprop=\"image\" height=\"1707\" width=\"2560\" title=\"11_3-scaled-1\" onerror=\"this.style.display='none'\"  \/>\n<h2>\n\t\tNuestra Fe\n\t<\/h2>\n\t<p><strong>Mantenemos la fe que es com\u00fan a todos los creyentes\u00a0<\/strong>(<a title=\"Tito 1:4\" href=\"https:\/\/online.recoveryversion.bible\/BibleChapters.cfm?cid=201\" target=\"_blank\" rel=\"noopener\">Tito 1:4<\/a>,\u00a0<a title=\"Jude 1:3\" href=\"https:\/\/online.recoveryversion.bible\/BibleChapters.cfm?cid=238\" target=\"_blank\" rel=\"noopener\">Jude 3<\/a>):<\/p>\n<ul> \t\n<li>La Biblia es la revelaci\u00f3n divina completa inspirada palabra por palabra por Dios a trav\u00e9s del Esp\u00edritu Santo (<a title=\"2 P. 1:21\" href=\"https:\/\/online.recoveryversion.bible\/BibleChapters.cfm?cid=228\" target=\"_blank\" rel=\"noopener\">2 P. 1:21<\/a>,\u00a0<a title=\"2 Ti. 3:16\" href=\"https:\/\/online.recoveryversion.bible\/BibleChapters.cfm?cid=199\" target=\"_blank\" rel=\"noopener\">2 Ti. 3:16<\/a>)<\/li>\n\n<li>God is uniquely one, yet triune &#8211; the Father, the Son, and the Spirit (<a title=\"1 Tim. 2:5\" href=\"https:\/\/online.recoveryversion.bible\/BibleChapters.cfm?cid=192\" target=\"_blank\" rel=\"noopener\">1 Ti. 2:5<\/a>,\u00a0<a title=\"Mt. 28:19\" href=\"https:\/\/online.recoveryversion.bible\/BibleChapters.cfm?cid=28\" target=\"_blank\" rel=\"noopener\">Mt. 28:19<\/a>)<\/li>\n\n<li>El Hijo de Dios, Dios mismo, se encarn\u00f3 para ser un hombre con el nombre de Jesucristo (<a title=\"Jn 1:1\" href=\"https:\/\/online.recoveryversion.bible\/BibleChapters.cfm?cid=69\" target=\"_blank\" rel=\"noopener\">Jn 1:1<\/a>,\u00a0<a title=\"Jn 1:14\" href=\"https:\/\/online.recoveryversion.bible\/BibleChapters.cfm?cid=69\" target=\"_blank\" rel=\"noopener\">Jn 1:14<\/a>)<\/li>\n\n<li>Cristo muri\u00f3 en la cruz por nuestros pecados, derramando Su sangre por nuestra redenci\u00f3n (<a title=\"1 P. 2:24\" href=\"https:\/\/online.recoveryversion.bible\/BibleChapters.cfm?cid=224\" target=\"_blank\" rel=\"noopener\">1 P. 2:24<\/a>,\u00a0<a title=\"Eph. 1:7\" href=\"https:\/\/online.recoveryversion.bible\/BibleChapters.cfm?cid=169\" target=\"_blank\" rel=\"noopener\">Ef. 1:7<\/a>)<\/li>\n\n<li>Cristo resucit\u00f3 de entre los muertos al tercer d\u00eda (<a title=\"1 Co. 15:4\" href=\"https:\/\/online.recoveryversion.bible\/BibleChapters.cfm?cid=148\" target=\"_blank\" rel=\"noopener\">1 Co. 15:4<\/a>)<\/li>\n\n<li>Cristo ascendi\u00f3 a la diestra de Dios para ser Se\u00f1or de todos (<a title=\"Hch. 1:9\" href=\"https:\/\/online.recoveryversion.bible\/BibleChapters.cfm?cid=90\" target=\"_blank\" rel=\"noopener\">Hch. 1:9<\/a>,\u00a0<a title=\"Hch. 2:33\" href=\"https:\/\/online.recoveryversion.bible\/BibleChapters.cfm?cid=91\" target=\"_blank\" rel=\"noopener\">Hch. 2:33<\/a>,\u00a0<a title=\"Hch. 2:36\" href=\"https:\/\/online.recoveryversion.bible\/BibleChapters.cfm?cid=91\" target=\"_blank\" rel=\"noopener\">Hch. 2:36<\/a>)<\/li>\n\n<li>Cada vez que una persona se arrepiente ante Dios y cree en el Se\u00f1or Jesucristo, es regenerada (nacida de nuevo) y llega a ser un miembro vivo del \u00fanico Cuerpo de Cristo (<a title=\"Hch. 20:21\" href=\"https:\/\/online.recoveryversion.bible\/BibleChapters.cfm?cid=109\" target=\"_blank\" rel=\"noopener\">Hch. 20:21<\/a>,\u00a0<a title=\"Jn 3:3\" href=\"https:\/\/online.recoveryversion.bible\/BibleChapters.cfm?cid=71\" target=\"_blank\" rel=\"noopener\">Jn 3:3<\/a>,\u00a0<a title=\"Ef. 1:22-23\" href=\"https:\/\/online.recoveryversion.bible\/BibleChapters.cfm?cid=169\" target=\"_blank\" rel=\"noopener\">Ef. 1:22-23<\/a>,\u00a0<a title=\"Ro. 12:5\" href=\"https:\/\/online.recoveryversion.bible\/BibleChapters.cfm?cid=129\" target=\"_blank\" rel=\"noopener\">Ro. 12:5<\/a>)<\/li>\n\n<li>Cristo viene de nuevo para recibir a sus creyentes a s\u00ed mismo (<a title=\"1 Ts. 2:19\" href=\"https:\/\/online.recoveryversion.bible\/BibleChapters.cfm?cid=184\" target=\"_blank\" rel=\"noopener\">1 Ts. 2:19<\/a>)<\/li>\n<\/ul>","protected":false},"excerpt":{"rendered":"<p>About Us Who We Are The church in Orange, California warmly welcomes you. We are believers in the Lord Jesus Christ who have personally received Him as our Savior. He is the most excellent and enjoyable Person. We love Him and endeavor to give Him the first place in all things. We rejoice to be&hellip;<\/p>","protected":false},"author":1,"featured_media":0,"parent":0,"menu_order":0,"comment_status":"closed","ping_status":"closed","template":"","meta":{"inline_featured_image":false,"footnotes":""},"class_list":["post-57","page","type-page","status-publish","hentry"],"_links":{"self":[{"href":"https:\/\/www.churchinorange.org\/espanol\/wp-json\/wp\/v2\/pages\/57","targetHints":{"allow":["GET"]}}],"collection":[{"href":"https:\/\/www.churchinorange.org\/espanol\/wp-json\/wp\/v2\/pages"}],"about":[{"href":"https:\/\/www.churchinorange.org\/espanol\/wp-json\/wp\/v2\/types\/page"}],"author":[{"embeddable":true,"href":"https:\/\/www.churchinorange.org\/espanol\/wp-json\/wp\/v2\/users\/1"}],"replies":[{"embeddable":true,"href":"https:\/\/www.churchinorange.org\/espanol\/wp-json\/wp\/v2\/comments?post=57"}],"version-history":[{"count":2,"href":"https:\/\/www.churchinorange.org\/espanol\/wp-json\/wp\/v2\/pages\/57\/revisions"}],"predecessor-version":[{"id":1229,"href":"https:\/\/www.churchinorange.org\/espanol\/wp-json\/wp\/v2\/pages\/57\/revisions\/1229"}],"wp:attachment":[{"href":"https:\/\/www.churchinorange.org\/espanol\/wp-json\/wp\/v2\/media?parent=57"}],"curies":[{"name":"wp","href":"https:\/\/api.w.org\/{rel}","templated":true}]}}