{"id":5,"date":"2020-05-06T09:59:27","date_gmt":"2020-05-06T09:59:27","guid":{"rendered":"https:\/\/cwpengedi.wpengine.com\/?page_id=5"},"modified":"2025-01-22T17:45:38","modified_gmt":"2025-01-22T17:45:38","slug":"home","status":"publish","type":"page","link":"https:\/\/www.churchinorange.org\/espanol\/","title":{"rendered":"Home"},"content":{"rendered":"<h1 data-font-size-xl=\"1.778rem\" data-line-height-xl=\"1.778rem\"><strong>La iglesia en Orange le da una calurosa bienvenida.<\/strong><\/h1>\n\n\n<h3>\n\t\tEn quien vosotros tambi\u00e9n sois juntamente edificados para morada de Dios en el esp\u00edritu.\n\t<\/h3>\n<h3>\n\t\t<a href=\"https:\/\/online.recoveryversion.bible\/BibleChapters.cfm?cid=170\" title=\"Efesios 2:22\" target=\"_blank\" rel=\"noopener\">\n\t\tEfesios 2:22\n\t\t<\/a>\n\t<\/h3>\n\t<h4>Mantenemos la fe que es com\u00fan entre todos los creyentes\u00a0(<a href=\"https:\/\/online.recoveryversion.bible\/BibleChapters.cfm?cid=201\" target=\"_blank\" rel=\"noopener\">Tito 1:4<\/a>).<\/h4>\n<h1>\n\t\tQuienes Somos\n\t<\/h1>\n\t<p>The church in Orange, California warmly welcomes you. We are believers in the Lord Jesus Christ who have personally received Him as our Savior. He is the most excellent and enjoyable Person. We love Him and endeavor to give Him the first place in all things. We rejoice to be cleansed by the blood of Jesus, God&#8217;s Son, born again of the Father&#8217;s divine life, and filled with the Holy Spirit.<\/p>\n\t\t\t<a href=\"\/espanol\/about\/\" target=\"_self\" rel=\"noopener\">\n\t\t\t\t\t\t\tSaber m\u00e1s\n\t\t\t\t\t<\/a>\n<h1>\n\t\tReuniones\n\t<\/h1>\n\t<p><a name=\"_MailEndCompose\"><\/a>We maintain a vibrant and active church life. Whether you&#8217;re a growing family, a single student, or retired couple, we give you a place to live, grow, and serve as a member of Christ&#8217;s Body.<\/p>\n\t\t\t<a href=\"\/espanol\/our-gatherings\/\" target=\"_self\" rel=\"noopener\">\n\t\t\t\t\t\t\tSaber m\u00e1s\n\t\t\t\t\t<\/a>\n\t\t\t\t<img loading=\"lazy\" decoding=\"async\" src=\"https:\/\/www.churchinorange.org\/wp-content\/uploads\/2023\/07\/sincerely-media-dGxOgeXAXm8-unsplash_Light-scaled-1.jpg\" alt=\"sincerely-media-dGxOgeXAXm8-unsplash_Light-scaled\" itemprop=\"image\" height=\"1707\" width=\"2560\" title=\"sincerely-media-dGxOgeXAXm8-unsplash_Light-scaled\" onerror=\"this.style.display='none'\"  \/>\n\t<p>A trav\u00e9s del disfrute de Cristo como mi alimento espiritual, he experimentado Su paz y Su fe; tengo la seguridad de que Cristo vive en m\u00ed a trav\u00e9s de Su Palabra.<\/p>\n\t<p>&#8211; S.D.<\/p>\n<h1>\n\t\tCont\u00e1ctenos\n\t<\/h1>\n\t<p>\u00bfBusca m\u00e1s informaci\u00f3n? Complete este formulario y alguien se pondr\u00e1 en contacto con usted pronto.\u00a0<\/p>","protected":false},"excerpt":{"rendered":"<p>The church in Orange warmly welcomes you. In whom you also are being built together into a\u00a0dwelling place of God in spirit. Ephesians 2:22 We hold the faith which is common to all the believers\u00a0(Titus 1:4). About Us The church in Orange, California warmly welcomes you. We are believers in the Lord Jesus Christ who&hellip;<\/p>","protected":false},"author":1,"featured_media":0,"parent":0,"menu_order":0,"comment_status":"closed","ping_status":"closed","template":"","meta":{"inline_featured_image":false,"footnotes":""},"class_list":["post-5","page","type-page","status-publish","hentry"],"_links":{"self":[{"href":"https:\/\/www.churchinorange.org\/espanol\/wp-json\/wp\/v2\/pages\/5","targetHints":{"allow":["GET"]}}],"collection":[{"href":"https:\/\/www.churchinorange.org\/espanol\/wp-json\/wp\/v2\/pages"}],"about":[{"href":"https:\/\/www.churchinorange.org\/espanol\/wp-json\/wp\/v2\/types\/page"}],"author":[{"embeddable":true,"href":"https:\/\/www.churchinorange.org\/espanol\/wp-json\/wp\/v2\/users\/1"}],"replies":[{"embeddable":true,"href":"https:\/\/www.churchinorange.org\/espanol\/wp-json\/wp\/v2\/comments?post=5"}],"version-history":[{"count":4,"href":"https:\/\/www.churchinorange.org\/espanol\/wp-json\/wp\/v2\/pages\/5\/revisions"}],"predecessor-version":[{"id":1278,"href":"https:\/\/www.churchinorange.org\/espanol\/wp-json\/wp\/v2\/pages\/5\/revisions\/1278"}],"wp:attachment":[{"href":"https:\/\/www.churchinorange.org\/espanol\/wp-json\/wp\/v2\/media?parent=5"}],"curies":[{"name":"wp","href":"https:\/\/api.w.org\/{rel}","templated":true}]}}